{"id":194,"date":"2019-07-30T20:00:24","date_gmt":"2019-07-30T18:00:24","guid":{"rendered":"http:\/\/salondulivre.noblogs.org\/?page_id=194"},"modified":"2019-08-30T13:15:34","modified_gmt":"2019-08-30T11:15:34","slug":"vendredi-samedi-dimanche","status":"publish","type":"page","link":"https:\/\/salondulivre.noblogs.org\/fr\/vendredi-samedi-dimanche\/","title":{"rendered":"Horaires et activit\u00e9s des journ\u00e9es"},"content":{"rendered":"<p>\u00c0 part le march\u00e9 en vieille ville, toutes les activit\u00e9s auront lieu \u00e0 la Cantine, route de Moutier 105, 2800 Del\u00e9mont.<\/p>\n<p>&nbsp;<\/p>\n<p><strong>VENDREDI 30 AO\u00dbT<br \/>\n<\/strong><strong>Ouverture en chansons<\/strong><\/p>\n<p style=\"padding-left: 40px\"><strong>18h OUVERTURE DES PORTES ET MOT DE BIENVENUE<br \/>\n<\/strong><\/p>\n<p style=\"padding-left: 40px\"><strong> 18h30 &#8211; 19h30 CHANSONS A TEXTE<br \/>\n<\/strong><\/p>\n<p style=\"padding-left: 40px\">Avec Elmo Crumley<\/p>\n<p style=\"padding-left: 40px\"><strong>19h30 REPAS VEGAN PRIX LIBRE<br \/>\n<\/strong><\/p>\n<p style=\"padding-left: 40px\"><strong>21h30 &#8211; 22h30 CHORALE ANARCHISTE<br \/>\n<\/strong><\/p>\n<p style=\"padding-left: 40px\">La chorale anarchiste Voce di Mezzo viendra de Milan avec ses chants anarchistes, r\u00e9sistants, etc.<\/p>\n<p style=\"padding-left: 40px\"><a href=\"http:\/\/www.vocidimezzo.it\/\">http:\/\/www.vocidimezzo.it\/<\/a><\/p>\n<p style=\"padding-left: 40px\"><strong>23H00 CHANSONS A TEXTE<\/strong><\/p>\n<p style=\"padding-left: 40px\">Avec Raoul W de Bonneville<\/p>\n<p>&nbsp;<\/p>\n<p><strong>SAMEDI 31 AO\u00dbT<br \/>\nDu march\u00e9 \u00e0 la Cantine<br \/>\n<\/strong><\/p>\n<p style=\"padding-left: 40px\"><strong>10h &#8211; 12h STAND EN VIEILLE VILLE DE DELEMONT<\/strong><strong><br \/>\n<\/strong><\/p>\n<p style=\"padding-left: 40px\">Le Salon du livre anarchiste aura son stand au march\u00e9 de Del\u00e9mont : livres de la librairie Espace Noir de Saint-Imier, informations et produits de la Cantine.<\/p>\n<p style=\"padding-left: 40px\">Autres activit\u00e9s \u00e0 d\u00e9finir ou \u00e0 improviser (s\u00e9rigraphie etc&#8230;)<\/p>\n<p style=\"padding-left: 40px\"><strong>12h30 REPAS VEGAN PRIX LIBRE A LA CANTINE<br \/>\n<\/strong><\/p>\n<p style=\"padding-left: 40px\"><strong>14h &#8211; 20h STANDS DE LIVRES<br \/>\n<\/strong><\/p>\n<p style=\"padding-left: 40px\"><a href=\"https:\/\/salondulivre.noblogs.org\/fr\/les-stands-de-livres\/\">La liste des maisons d&rsquo;\u00e9ditions pr\u00e9sentes est disponible en cliquant ici.<\/a><\/p>\n<p style=\"padding-left: 40px\">Une garderie pour les petit\u00b7e\u00b7s est organis\u00e9e pendant l&rsquo;ouverture de stands. Si tu veux t&rsquo;occuper des enfants inscris-toi sur la liste!<br \/>\n<a href=\"https:\/\/schichtplan.immerda.ch\/plans\/show\/453496ed6bc3cfdb523652e037199cd4b1129b44\">Participer \/ Mitmachen \/ Participate<\/a><\/p>\n<p style=\"padding-left: 40px\"><strong>15h &#8211; 16h30 RENCONTRE AVEC AUDE VIDAL<\/strong><\/p>\n<p style=\"padding-left: 40px\">Pr\u00e9sentation et discussion autour de son livre <em>Egologie &#8211;<\/em> <em>\u00c9cologie, individualisme et course au bonheur,<\/em> paru en 2017 aux \u00e9ditions du Monde \u00e0 l&rsquo;envers.<\/p>\n<p style=\"padding-left: 40px\">D\u00e9veloppement personnel, habitats group\u00e9s, jardins partag\u00e9s&#8230; : face au d\u00e9sastre capitaliste, l&rsquo;\u00e9cologie se pr\u00e9sente comme une r\u00e9ponse globale et positive, un changement de rapport au monde appuy\u00e9 par des gestes au quotidien. Comme dans la fable du colibri, \u00ab chacun fait sa part \u00bb. Mais en consid\u00e9rant la soci\u00e9t\u00e9 comme un agr\u00e9gat d&rsquo;individus, et le changement social comme une somme de gestes individuels, cette vision de l&rsquo;\u00e9cologie ne succombe-t-elle pas \u00e0 la logique lib\u00e9rale dominante, signant le triomphe de l&rsquo;individualisme ?<\/p>\n<p style=\"padding-left: 40px\">Traduction en allemand<\/p>\n<p style=\"padding-left: 40px\"><strong>17h &#8211; 19h LE Q\u00c2DILLE &#8211; LECTURE COMMUNE DE POESIE<br \/>\nQ<\/strong>uand l&rsquo;<strong>A<\/strong>narchie <strong>D<\/strong>onne son <strong>I<\/strong>mportance aux <strong>L<\/strong>ibert\u00e9s des <strong>L<\/strong>angages<strong> E<\/strong>crits<strong><br \/>\n<\/strong><\/p>\n<p style=\"padding-left: 40px\">Lecture commune de po\u00e9sie avec Le Caddie, une biblioth\u00e8que itin\u00e9rante et multilingue de po\u00e9sie contemporaine, constitu\u00e9e de dons et autog\u00e9r\u00e9e. Cr\u00e9\u00e9 en 2014 par Nathalie Garbely et Isabelle Sbrissa et conserv\u00e9 dans un, puis deux chariots \u2013 des caddies \u2013 , le QQAADDII rassemble des recueils, des anthologies, des revues, des ouvrages de micro\u00e9dition, des enregistrements sonores, des affiches, des textes aux marges de la po\u00e9sie, des \u0153uvres compl\u00e8tes, des livres illustr\u00e9s et un nombre de po\u00e8mes inestimables. \u00c0 ce jour LE KHADIY r\u00e9unit plus de 300 livres qu&rsquo;on peut emprunter pour une lecture silencieuse et solitaire, mais qu&rsquo;on peut aussi lire \u00e0 plusieurs lors d&rsquo;une lecture commune. C&rsquo;est ce que nous ferons \u00e0 la Cantine en fran\u00e7ais, auf Deutsch, perhaps in English o in italiano, etc.<\/p>\n<p style=\"padding-left: 40px\">Traduction autog\u00e9r\u00e9e dans les langues des personnes pr\u00e9sentes.<\/p>\n<p style=\"padding-left: 40px\"><strong>20h REPAS VEGAN PRIX LIBRE<br \/>\n<\/strong><\/p>\n<p style=\"padding-left: 40px\">Un repas ouvert \u00e0 toutes et tous.<\/p>\n<p style=\"padding-left: 40px\"><strong>21h30 CONCERT &amp; DJs<br \/>\n<\/strong><\/p>\n<p style=\"padding-left: 40px\">Concert de <strong>Negra Santa<\/strong> (Cumbia \u2013 Argentine)<\/p>\n<p style=\"padding-left: 40px\">Suivi des DJs: <strong>La Boillat Connection<\/strong> (des s\u0153urs Chappuis \u00e0 l&rsquo;Antoine Fl\u00fcck) \u2013 <strong>Aur\u00e9lien My<\/strong> (world afro des \u00eeles bien groovy) \u2013 <strong>Mathieu 1000<\/strong> (du fran\u00e7ais chelou au jazz \u00e9thiopien)<\/p>\n<p>&nbsp;<\/p>\n<p><strong>DIMANCHE 1er SEPTEMBRE 2019<br \/>\nUn dimanche en anarchie<br \/>\n<\/strong><\/p>\n<p style=\"padding-left: 40px\"><strong>10h \u2013 16h STANDS DE LIVRES<br \/>\n<\/strong><br \/>\n<a href=\"https:\/\/salondulivre.noblogs.org\/fr\/les-stands-de-livres\/\">La liste des maisons d&rsquo;\u00e9ditions pr\u00e9sentes est disponible en cliquant ici.<\/a><\/p>\n<p style=\"padding-left: 40px\">Une garderie pour les petit\u00b7e\u00b7s est organis\u00e9e pendant l&rsquo;ouverture de stands. Si tu veux t&rsquo;occuper des enfants inscris-toi sur la liste!<br \/>\n<a href=\"https:\/\/schichtplan.immerda.ch\/plans\/show\/453496ed6bc3cfdb523652e037199cd4b1129b44\">Participer \/ Mitmachen \/ Participate<\/a><\/p>\n<p style=\"padding-left: 40px\"><strong>11h &#8211; 12h PARTAGE DE LECTURES<br \/>\n<\/strong><\/p>\n<p style=\"padding-left: 40px\">Vous avez particuli\u00e8rement aim\u00e9 un livre anarchiste? Alors venez partager ces lectures!<\/p>\n<p style=\"padding-left: 40px\">Traduction autog\u00e9r\u00e9e dans les langues des personnes pr\u00e9sentes.<\/p>\n<p style=\"padding-left: 40px\"><strong>11h &#8211; 13h BUFFET CANADIEN \/ PRIX LIBRE<br \/>\n<\/strong><\/p>\n<p style=\"padding-left: 40px\">Un repas pour partager les petits mets miraculeux que chacun-e fait si bien.<\/p>\n<p style=\"padding-left: 40px\"><strong>13h -16h FILMS<br \/>\n<\/strong><\/p>\n<p style=\"padding-left: 40px\"><strong><em>Lances en l&rsquo;air contre les mines<\/em><\/strong><strong> (40&prime;)<br \/>\n<\/strong><\/p>\n<p style=\"padding-left: 40px\"><span lang=\"FR\"><span style=\"font-size: medium\">Documentaire sur les luttes contre l&rsquo;extraction mini\u00e8re dans la r\u00e9gion amazonienne de la Cordill\u00e8re du Condor, \u00e0 la fronti\u00e8re P\u00e9rou-\u00c9quateur\u00a0<\/span><\/span><\/p>\n<p style=\"padding-left: 40px\">Espagnol sous-titr\u00e9 fran\u00e7ais, 2018<\/p>\n<p style=\"padding-left: 40px\"><strong><em>Action directe, discours indirect\u00a0 <\/em><\/strong><strong>(63&prime;)<br \/>\n<\/strong><\/p>\n<p style=\"padding-left: 40px\">L\u2019OFF du Lausanne Underground Film Festival a demand\u00e9 \u00e0 l\u2019artiste biennois Laurent G\u00fcdel de se plonger dans des enregistrements d\u2019interviews de \u00ab\u2009v\u00e9t\u00e9ran\u00b7e\u00b7s\u2009\u00bb syndicalistes et\/ou libertaires actifs \u00e0 Gen\u00e8ve dans l\u2019entre-deux guerres. Il en a tir\u00e9 une causerie acousmatique travers\u00e9e de r\u00e9flexions individuelles, de luttes collectives, de chants r\u00e9volutionnaires et de sp\u00e9culations anarchistes. Les archives sonores qui ont servi \u00e0 la construction de ce film sans image ont \u00e9t\u00e9 r\u00e9colt\u00e9es par Christiane Wist au d\u00e9but des ann\u00e9es 1980. Ces entretiens ont \u00e9t\u00e9 r\u00e9alis\u00e9s dans le but de r\u00e9diger le livre \u00ab La vie quotidienne et les luttes syndicales \u00e0 Gen\u00e8ve, 1920-1940 : des anciens du b\u00e2timent racontent \u00bb, publi\u00e9 aux \u00e9ditions du Coll\u00e8ge du travail en 1984.<\/p>\n<p style=\"padding-left: 40px\"><strong><em>The Betrayed Square<\/em><\/strong><strong> (44&prime;)<\/strong><\/p>\n<p style=\"padding-left: 40px\">Un film sur la place Tahir.<\/p>\n<p style=\"padding-left: 40px\">Plong\u00e9e d&rsquo;un fantassin dans l&rsquo;\u00e9v\u00e9nement r\u00e9volutionnaire, ses clameurs et ses voix qui \u00e0 la fois le vivent, tentent de l&rsquo;expliquer et affirment leur foi en lui malgr\u00e9 l&rsquo;immense revers subi : nous sommes en effet le 9 mars 2011 au Caire, parmi le sit-in de Tahir Square o\u00f9 la foule, sous les cam\u00e9ras d&rsquo;un monde avide de voir quelle forme, apr\u00e8s la chute du Ra\u00efs, peut prendre l&rsquo;esprit lib\u00e9ral en Egypte, hurle ses griefs et ses volont\u00e9s \u00e0 l&rsquo;adresse des forces de s\u00e9curit\u00e9. Or soudain des nervis attaquent le sit-in. L&rsquo;arm\u00e9e laisse pourrir l&rsquo;apr\u00e8s-midi durant et, \u00e0 la nuit tomb\u00e9e, avance ses chars, \u00e9vacue banderoles et tentes, chasse les curieux, d\u00e9truit leurs images, arr\u00eate des activistes. Cette trahison sonne le glas du mouvement entam\u00e9 le 25 janvier. La visibilit\u00e9 de Tahir Square est perdue. La r\u00e9volution bascule dans la r\u00e9action et la narration de \u00ab\u00a0Trahir la place\u00a0\u00bb dans les transes de l&rsquo;Egypte contemporaine.<\/p>\n<p style=\"padding-left: 40px\">Parfois discr\u00e9pant, toujours immersif, la bande-image de \u00ab\u00a0Trahir la place\u00a0\u00bb est un montage de films tourn\u00e9s au mobile par des t\u00e9moins, r\u00e9alis\u00e9 par le collectif MML \u00e0 rebours du processus cin\u00e9matographique\u00a0<i>pour<\/i> sa bande-son qui, elle, est tir\u00e9e des enregistrements sonores faits en direct par St\u00e9phane Montavon.<\/p>\n<p style=\"padding-left: 40px\">Film documentaire en son surround<br \/>\nProduction et r\u00e9alisation\u00a0: MML<br \/>\nEnregistrements et montage\u00a0: St\u00e9phane Montavon<\/p>\n<p style=\"padding-left: 40px\"><strong><em>The Cage<\/em><\/strong><strong> (2&prime;)<\/strong><\/p>\n<p style=\"padding-left: 40px\">Un homme court, attir\u00e9 par des mots \u00e9crits sur des murs de papier.<br \/>\nQue cherche-t-il?<\/p>\n<p style=\"padding-left: 40px\">De Gilles Lepore<br \/>\nanimation, 2003<strong><br \/>\n<\/strong><\/p>\n<p>&nbsp;<\/p>\n<p style=\"padding-left: 40px\"><em>Traduction autog\u00e9r\u00e9e dans les langues des personnes pr\u00e9sentes.<\/em><\/p>\n<p>&nbsp;<\/p>\n<p style=\"padding-left: 40px\"><em>Et ensuite c&rsquo;est fini, vous pouvez ranger et faire le point avec nous&#8230;<\/em><\/p>\n<p>&nbsp;<\/p>\n<p>&nbsp;<\/p>\n","protected":false},"excerpt":{"rendered":"<p>\u00c0 part le march\u00e9 en vieille ville, toutes les activit\u00e9s auront lieu \u00e0 la Cantine, route de Moutier 105, 2800 Del\u00e9mont. &nbsp; VENDREDI 30 AO\u00dbT Ouverture en chansons 18h OUVERTURE DES PORTES ET MOT DE BIENVENUE 18h30 &#8211; 19h30 CHANSONS &hellip; <a href=\"https:\/\/salondulivre.noblogs.org\/fr\/vendredi-samedi-dimanche\/\">Continuer la lecture <span class=\"meta-nav\">&rarr;<\/span><\/a><\/p>\n","protected":false},"author":13456,"featured_media":0,"parent":0,"menu_order":0,"comment_status":"closed","ping_status":"closed","template":"","meta":{"_locale":"fr_FR","_original_post":"194","footnotes":""},"class_list":["post-194","page","type-page","status-publish","hentry","fr-FR"],"_links":{"self":[{"href":"https:\/\/salondulivre.noblogs.org\/wp-json\/wp\/v2\/pages\/194","targetHints":{"allow":["GET"]}}],"collection":[{"href":"https:\/\/salondulivre.noblogs.org\/wp-json\/wp\/v2\/pages"}],"about":[{"href":"https:\/\/salondulivre.noblogs.org\/wp-json\/wp\/v2\/types\/page"}],"author":[{"embeddable":true,"href":"https:\/\/salondulivre.noblogs.org\/wp-json\/wp\/v2\/users\/13456"}],"replies":[{"embeddable":true,"href":"https:\/\/salondulivre.noblogs.org\/wp-json\/wp\/v2\/comments?post=194"}],"version-history":[{"count":26,"href":"https:\/\/salondulivre.noblogs.org\/wp-json\/wp\/v2\/pages\/194\/revisions"}],"predecessor-version":[{"id":291,"href":"https:\/\/salondulivre.noblogs.org\/wp-json\/wp\/v2\/pages\/194\/revisions\/291"}],"wp:attachment":[{"href":"https:\/\/salondulivre.noblogs.org\/wp-json\/wp\/v2\/media?parent=194"}],"curies":[{"name":"wp","href":"https:\/\/api.w.org\/{rel}","templated":true}]}}