{"id":207,"date":"2019-07-30T20:37:24","date_gmt":"2019-07-30T18:37:24","guid":{"rendered":"http:\/\/salondulivre.noblogs.org\/?page_id=207"},"modified":"2019-08-27T22:55:55","modified_gmt":"2019-08-27T20:55:55","slug":"les-stands-de-livres","status":"publish","type":"page","link":"https:\/\/salondulivre.noblogs.org\/fr\/les-stands-de-livres\/","title":{"rendered":"Les stands"},"content":{"rendered":"<p style=\"padding-left: 40px\"><strong>Librairie d&rsquo;Espace Noir de Saint-Imier (CH romande)<\/strong><\/p>\n<p style=\"padding-left: 40px\">C&rsquo;est la librairie de la coop\u00e9rative culturelle libertaire de Saint-Imier. \u00c0 tendance g\u00e9n\u00e9raliste, elle met un accent particulier sur les domaines des sciences sociales et politiques, de l&rsquo;histoire de la r\u00e9gion et du mouvement ouvrier, de l&rsquo;anarchisme. Elle dispose d&rsquo;un grand choix d&rsquo;oeuvres litt\u00e9raires, po\u00e9tiques, didactiques. Un coin \u00ab\u00a0occasions\u00a0\u00bb \u00e0 des prix sans concurrence y a r\u00e9cemment trouv\u00e9 sa place. Elle organise des lectures publiques, des s\u00e9ances de d\u00e9dicaces et propose des ouvrages en lien avec les \u00e9v\u00e9nements des autres secteurs d&rsquo;Espace noir ou les animations th\u00e9matiques.<\/p>\n<p style=\"padding-left: 40px\"><a href=\"http:\/\/www.espacenoir.ch\">www.espacenoir.ch<\/a><\/p>\n<p>&nbsp;<\/p>\n<p style=\"padding-left: 40px\"><strong>CIRA &#8211; Centres Internationaux de Recherche sur l&rsquo;Anarchisme&#8230;<\/strong><\/p>\n<p style=\"padding-left: 40px\"><strong>&#8230; de Marseille (FR) <\/strong><\/p>\n<p style=\"padding-left: 40px\">Le CIRA de Marseille a \u00e9t\u00e9 fond\u00e9 en 1965. Son principal but est de collecter, de classer et d\u2019archiver tout ce qui a un rapport avec l\u2019anarchisme. Le fonds se compose d\u2019environ 6350 livres (5600 en fran\u00e7ais, 450 en castillan, 200 en italien, 100 en anglais) et plusieurs milliers de brochures. Ces documents ont \u00e9t\u00e9 \u00e9crits par des anarchistes, publi\u00e9s par des anarchistes ou portent d\u2019une mani\u00e8re ou d\u2019une autre sur le mouvement ou les id\u00e9es anarchistes. Le CIRA poss\u00e8de \u00e9galement des archives personnelles de militants, des affiches, des tracts, des cassettes vid\u00e9o, des documents iconographiques, des travaux universitaires, des dossiers biographiques\u2026 La biblioth\u00e8que de pr\u00eat est aliment\u00e9e par les dons et les services de presse d\u2019\u00e9diteurs (plusieurs centaines de titres chaque ann\u00e9e). L\u2019ensemble du fonds peut \u00eatre consult\u00e9 par toute personne int\u00e9ress\u00e9e : militant, \u00e9tudiant, chercheur, \u00e9crivain, universitaire, journaliste ou simple curieux.<\/p>\n<p style=\"padding-left: 40px\"><a href=\"http:\/\/www.cira-marseille.info\">www.cira-marseille.info<\/a><\/p>\n<p style=\"padding-left: 40px\"><strong>\u00a0<\/strong><strong>&#8230; et de Lausanne (CH romande)<\/strong><\/p>\n<p style=\"padding-left: 40px\">Le CIRA de Lausanne recueille et met \u00e0 disposition tous types de documents sur le mouvement, l&rsquo;histoire et les id\u00e9es anarchistes dans toutes les langues. Cr\u00e9\u00e9 \u00e0 Gen\u00e8ve en 1957, le CIRA conserve aujourd&rsquo;hui un fonds d&rsquo;environ 20 000 ouvrages et brochures, 4000 titres de p\u00e9riodiques dont moins d&rsquo;une centaine vivants. On y trouve \u00e9galement des fonds d&rsquo;archives de personnes et de groupes, des dossiers documentaires et des enregistrements vid\u00e9o et sonores, ainsi que des collections d\u2019affiches, de photos, de tracts et autres publications \u00e9ph\u00e9m\u00e8res. Ce fonds, unique en Europe par sa taille, s&rsquo;est constitu\u00e9 en un demi-si\u00e8cle par des dons de militant\u00b7e\u00b7s, d&rsquo;\u00e9ditions, de groupes anarchistes. Le CIRA ne dispose d&rsquo;aucun budget d&rsquo;acquisition pour enrichir ses collections, et il est g\u00e9r\u00e9 par des b\u00e9n\u00e9voles. Des activit\u00e9s publiques sont r\u00e9guli\u00e8rement organis\u00e9es.<\/p>\n<p style=\"padding-left: 40px\"><a href=\"http:\/\/www.cira.ch\">www.cira.ch<\/a><\/p>\n<p>&nbsp;<\/p>\n<p style=\"padding-left: 40px\"><strong>Editions La Lenteur (FR) <\/strong><\/p>\n<p style=\"padding-left: 40px\">Elles ont \u00e9t\u00e9 cr\u00e9\u00e9es en 2006. On y produit peu, mais bien. \u00ab Notre rythme id\u00e9al est de trois parutions chaque ann\u00e9e (parfois, nous nous laissons entra\u00eener \u00e0 faire plus) ; depuis le d\u00e9but, nous pensons que beaucoup de tr\u00e8s bons livres (et \u00e9norm\u00e9ment de mauvais) sont d\u00e9j\u00e0 disponibles, et qu\u2019il ne faut pas forc\u00e9ment en rajouter \u00e0 tout prix. \u00bb Ne pas noyer le lecteur sous une masse de publications est aussi lui laisser le temps de dig\u00e9rer les donn\u00e9es acquises, par lui-m\u00eame et \u00e0 son rythme : une quinzaine de titres en dix ans, auxquels il faut ajouter les exemplaires des revues <em>L\u2019Inventaire<\/em> et <em>Notes et morceaux choisis<\/em>.<\/p>\n<p style=\"padding-left: 40px\"><a href=\"http:\/\/librairie-quilombo.org\/la-lenteur-6477\">librairie-quilombo.org\/la-lenteur-6477<\/a><\/p>\n<p>&nbsp;<\/p>\n<p style=\"padding-left: 40px\"><strong>Editions du Monde \u00e0 l\u2019envers (FR)<\/strong><\/p>\n<p style=\"padding-left: 40px\">Le monde \u00e0 l\u2019envers, c&rsquo;est l\u2019association de quelques complices qui s&rsquo;improvisent \u00e9diteurs pour diffuser des livres de critique sociale au-del\u00e0 du cercle militant.<br \/>\n\u00c9diter des livres, car nous croyons au pouvoir des id\u00e9es plus qu\u2019\u00e0 l&rsquo;id\u00e9e de pouvoir. La diffusion d&rsquo;id\u00e9es politiques est l\u2019un de nos moyens de bouleverser le monde.<br \/>\nMesurer le possible, ou prendre conscience de nos forces. Pour changer le monde, il faut savoir que c\u2019est possible. Le monde \u00e0 l&rsquo;envers documente, enrichit et critique les luttes contre le capitalisme, le patriarcat, la technologie, la police. L\u2019ordre des choses n&rsquo;est ni juste, ni naturel, ni \u00e9ternel. Encore faut-il r\u00e9ussir \u00e0 le changer.<br \/>\nMesurer le possible, ou prendre la mesure des forces des adversaires. La conscience de la situation, aussi laide soit-elle, est n\u00e9cessaire \u00e0 sa transformation. Le monde \u00e0 l\u2019envers documente l\u2019\u00e9tat du monde et de ses infrastructures en vue de sa subversion.<br \/>\nLe possible, dans ces temps de globalisation, semble de plus en plus impos\u00e9. \u00c7a se passe chez nous, c\u2019est \u00e0 dire partout. Le monde \u00e0 l&rsquo;envers met en avant les aspects locaux d\u2019une critique sociale globale car un ancrage territorial permet une emprise sur le monde.<br \/>\nPour qu\u2019un jour les possibles soient incommensurables.<\/p>\n<p style=\"padding-left: 40px\"><a href=\"http:\/\/www.lemondealenvers.lautre.net\">www.lemondealenvers.lautre.net<\/a><\/p>\n<p>&nbsp;<\/p>\n<p style=\"padding-left: 40px\"><strong>FAU (CH al\u00e9manique)<\/strong><\/p>\n<p style=\"padding-left: 40px\">Le syndicat anarchiste FAU (Freier Arbeiterinnen und Arbeiter Union) de Berne.<\/p>\n<p style=\"padding-left: 40px\"><a href=\"http:\/\/www.faubern.ch\">www.faubern.ch<\/a><\/p>\n<p>&nbsp;<\/p>\n<p style=\"padding-left: 40px\"><strong>Le journal Moins! (CH romande)<\/strong><\/p>\n<p style=\"padding-left: 40px\">Le Journal romand d&rsquo;\u00e9cologie politique<\/p>\n<p style=\"padding-left: 40px\"><a href=\"http:\/\/www.achetezmoins.ch\">www.achetezmoins.ch<\/a><\/p>\n<p>&nbsp;<\/p>\n<p style=\"padding-left: 40px\"><strong>Lettres Communes (FR)<\/strong><\/p>\n<p style=\"padding-left: 40px\">Lettres Communes est un journal inter-collectif principalement consacr\u00e9 \u00e0 la situation de ces adolescent-e-s dits \u00ab Mineur-e-s Isol\u00e9-e-s Etranger-e-s \u00bb.<\/p>\n<p style=\"padding-left: 40px\">Initi\u00e9 en 2015 par CPMJIE (Collectif Parisien pour la Protection des Jeunes et Mineurs Isol\u00e9s Etrangers), Lettres Communes est devenu au gr\u00e9 des rencontres inter-collectif. Il associe des collectifs, des militants de diff\u00e9rentes r\u00e9gions et des personnes d\u2019horizons diff\u00e9rents, rassembl\u00e9es pour d\u00e9fendre l\u2019id\u00e9e d\u2019<em>une \u00e9gale protection de tous les jeunes isol\u00e9s, quelle que soit leur nationalit\u00e9<\/em>\u00a0: les jeunes eux-m\u00eames- les premiers concern\u00e9s- mais aussi riverains,\u00a0 professionnels de la protection de l\u2019enfance,\u00a0 auteurs. Qu\u2019une fraction de la jeunesse soit mise \u00e0 l\u2019\u00e9cart par le scalpel d\u2019une politique de s\u00e9gr\u00e9gation nationale \u00a0nous est insupportable. Cette s\u00e9paration nous engage\u00a0 \u00e0 penser\u00a0par mille bords la possibilit\u00e9 d\u2019un\u00a0<em>commun\u00a0<\/em>pour toute la jeunesse de ce pays.<\/p>\n<p style=\"padding-left: 40px\"><a href=\"http:\/\/www.lettrescommunes.org\">www.lettrescommunes.org<\/a><\/p>\n<p>&nbsp;<\/p>\n<p style=\"padding-left: 40px\"><strong>Mutines S\u00e9ditions<\/strong><\/p>\n<p style=\"padding-left: 40px\">Le point de d\u00e9part de Mutines S\u00e9ditions est d&rsquo;alimenter les vases communicants entre id\u00e9e et action. Une quinzaine de titres organis\u00e9s en quatre collections sont sortis depuis 2007, du pamphlet d&rsquo;une centaine pages comme \u00ab\u00a0A couteaux tir\u00e9s avec l&rsquo;Existant, ses d\u00e9fenseurs et ses faux critiques\u00a0\u00bb qui fut le premier, jusqu&rsquo;\u00e0 \u00ab\u00a0Vive la r\u00e9volution, a bas la d\u00e9mocratie ! Anarchistes de Russie dans l&rsquo;insurrection de 1905\u00a0\u00bb qui fait son poids. Fruits de la complicit\u00e9 entre diff\u00e9rentes compagnonnes et compagnons, certains ont \u00e9t\u00e9 faits \u00e0 plusieurs mains, d&rsquo;autres en solitaire, mais toujours avec la rage anarchiste au coeur.<\/p>\n<p style=\"padding-left: 40px\"><a href=\"http:\/\/mutineseditions.free.fr\/\">http:\/\/mutineseditions.free.fr\/<\/a><\/p>\n<p>&nbsp;<\/p>\n<p style=\"padding-left: 40px\"><strong>Chroniques subversives<\/strong><\/p>\n<p style=\"padding-left: 40px\">\u00a0\u00bb C&rsquo;est avant tout une motivation individuelx. La motivation de faire passer le mot. Alors \u00e7a m&rsquo;arrive de traduire des textes, de r\u00e9imprimer des brochures ou d&rsquo;acheter des bouquins qui m&rsquo;ont touch\u00e9x et m\u00eame d&rsquo;essayer de mettre, seulx ou a plusieurs, sur papier les id\u00e9es qui s&rsquo;entrechoquent dans ma t\u00eate. J&rsquo;ai aucun espoir quand on futur et j&rsquo;ai pas d&rsquo;aspirations r\u00e9volutionnaire. Je passe juste le mot. Pour remettre en questions nos rapports avec l&rsquo;existant. Le nom est traduit de l&rsquo;italien \u00ab\u00a0Cronaca Sovversiva\u00a0\u00bb qui \u00e9tait un journal anarchiste du d\u00e9but du 20ieme si\u00e8cle publi\u00e9 en italien aux \u00e9tats-unis. Le journal pouvait traiter d&rsquo;antimilitarisme ou d&rsquo;amour libre, d&rsquo;individualisme ou de propagande par le fait.\u00a0\u00bb<\/p>\n<p>&nbsp;<\/p>\n<p style=\"padding-left: 40px\"><strong>IWW &#8211; Industrial Workers of the World (CH)<br \/>\n<\/strong><\/p>\n<p style=\"padding-left: 40px\">Syndicat industriel des travailleurs\/euses, un syndicat pour tou\u00b7te\u00b7s.<\/p>\n<p>&nbsp;<\/p>\n<p style=\"padding-left: 40px\"><strong>Infoladen Reitschule (CH allemande)<br \/>\n<\/strong><\/p>\n<p style=\"padding-left: 40px\">Infokiosk de la Reitschule de Berne<\/p>\n<p>&nbsp;<\/p>\n<p style=\"padding-left: 40px\"><strong>Anartisanart (FR)<\/strong><\/p>\n<p style=\"padding-left: 40px\">T-shirts en coton bio, patches et badges.<\/p>\n<p style=\"padding-left: 40px\"><a href=\"https:\/\/www.anartisanart.com\/\">https:\/\/www.anartisanart.com\/<\/a><\/p>\n<p>&nbsp;<\/p>\n<p style=\"padding-left: 40px\"><strong><del>Editions Chant d&rsquo;orties (FR)<\/del> (annul\u00e9)<\/strong><\/p>\n<p style=\"padding-left: 40px\"><del><strong>Nano\u00e9ditions La Puce (CH romande) (annul\u00e9)<\/strong><\/del><\/p>\n<p style=\"padding-left: 40px\"><del><strong>Hobo diffusion et \u00e9ditions Nada (annul\u00e9)<\/strong><\/del><\/p>\n<p>&nbsp;<\/p>\n<p style=\"padding-left: 40px\">&#8230; Et aussi des infokiosques et d&rsquo;autres choses qui s&rsquo;ajouteront par la suite, ou sur le coup<\/p>\n","protected":false},"excerpt":{"rendered":"<p>Librairie d&rsquo;Espace Noir de Saint-Imier (CH romande) C&rsquo;est la librairie de la coop\u00e9rative culturelle libertaire de Saint-Imier. \u00c0 tendance g\u00e9n\u00e9raliste, elle met un accent particulier sur les domaines des sciences sociales et politiques, de l&rsquo;histoire de la r\u00e9gion et du &hellip; <a href=\"https:\/\/salondulivre.noblogs.org\/fr\/les-stands-de-livres\/\">Continuer la lecture <span class=\"meta-nav\">&rarr;<\/span><\/a><\/p>\n","protected":false},"author":13456,"featured_media":0,"parent":0,"menu_order":0,"comment_status":"closed","ping_status":"closed","template":"","meta":{"_locale":"fr_FR","_original_post":"207","footnotes":""},"class_list":["post-207","page","type-page","status-publish","hentry","fr-FR"],"_links":{"self":[{"href":"https:\/\/salondulivre.noblogs.org\/wp-json\/wp\/v2\/pages\/207","targetHints":{"allow":["GET"]}}],"collection":[{"href":"https:\/\/salondulivre.noblogs.org\/wp-json\/wp\/v2\/pages"}],"about":[{"href":"https:\/\/salondulivre.noblogs.org\/wp-json\/wp\/v2\/types\/page"}],"author":[{"embeddable":true,"href":"https:\/\/salondulivre.noblogs.org\/wp-json\/wp\/v2\/users\/13456"}],"replies":[{"embeddable":true,"href":"https:\/\/salondulivre.noblogs.org\/wp-json\/wp\/v2\/comments?post=207"}],"version-history":[{"count":14,"href":"https:\/\/salondulivre.noblogs.org\/wp-json\/wp\/v2\/pages\/207\/revisions"}],"predecessor-version":[{"id":265,"href":"https:\/\/salondulivre.noblogs.org\/wp-json\/wp\/v2\/pages\/207\/revisions\/265"}],"wp:attachment":[{"href":"https:\/\/salondulivre.noblogs.org\/wp-json\/wp\/v2\/media?parent=207"}],"curies":[{"name":"wp","href":"https:\/\/api.w.org\/{rel}","templated":true}]}}