{"id":215,"date":"2019-07-30T21:04:42","date_gmt":"2019-07-30T19:04:42","guid":{"rendered":"http:\/\/salondulivre.noblogs.org\/?page_id=215"},"modified":"2019-08-27T21:00:45","modified_gmt":"2019-08-27T19:00:45","slug":"aider-mitmachen-participate","status":"publish","type":"page","link":"https:\/\/salondulivre.noblogs.org\/fr\/aider-mitmachen-participate\/","title":{"rendered":"Aider \/ Mitmachen \/ Participate"},"content":{"rendered":"<p>Toute aide est bienvenue et n\u00e9cessaire pour que le salon puisse se d\u00e9rouler au mieux.<\/p>\n<p><a href=\"https:\/\/schichtplan.immerda.ch\/plans\/show\/453496ed6bc3cfdb523652e037199cd4b1129b44\">Une liste d&rsquo;inscription pour la garderie est d\u00e9j\u00e0 en ligne ici!<\/a><\/p>\n<p><a href=\"https:\/\/schichtplan.immerda.ch\/plans\/show\/8647046040700fb4d4f6b958f9252cdc93253691\">Pour s&rsquo;inscrire pour aider \u00e0 pr\u00e9parer les repas, c&rsquo;est par ici!<\/a><\/p>\n<p>Le lundi 26 et mardi 27 ao\u00fbt d\u00e8s 9h, rendez-vous \u00e0 la Cantine pour organiser l&rsquo;installation ensemble. Du 27 au 30, suite de l&rsquo;installation.<\/p>\n<p>D\u00e9montage et nettoyage le lundi 2 septembre toute la journ\u00e9e.<\/p>\n<p>Il y aura aussi \u00e9videment besoin de coups de main pendant l&rsquo;\u00e9v\u00e9nement.<\/p>\n<p>Bienvenue \u00e0 tou\u00b7te\u00b7s!<\/p>\n<p>Des tirelires seront disponibles pendant le salon pour aider \u00e0 couvrir les frais d&rsquo;organisation et de mat\u00e9riel.<\/p>\n<p>Pour toute question: <a href=\"mailto:salondulivre@riseup.net\">salondulivre@riseup.net<\/a><\/p>\n<p>&nbsp;<\/p>\n","protected":false},"excerpt":{"rendered":"<p>Toute aide est bienvenue et n\u00e9cessaire pour que le salon puisse se d\u00e9rouler au mieux. Une liste d&rsquo;inscription pour la garderie est d\u00e9j\u00e0 en ligne ici! Pour s&rsquo;inscrire pour aider \u00e0 pr\u00e9parer les repas, c&rsquo;est par ici! Le lundi 26 &hellip; <a href=\"https:\/\/salondulivre.noblogs.org\/fr\/aider-mitmachen-participate\/\">Continuer la lecture <span class=\"meta-nav\">&rarr;<\/span><\/a><\/p>\n","protected":false},"author":13456,"featured_media":0,"parent":0,"menu_order":0,"comment_status":"closed","ping_status":"closed","template":"","meta":{"_locale":"fr_FR","_original_post":"215","footnotes":""},"class_list":["post-215","page","type-page","status-publish","hentry","fr-FR"],"_links":{"self":[{"href":"https:\/\/salondulivre.noblogs.org\/wp-json\/wp\/v2\/pages\/215","targetHints":{"allow":["GET"]}}],"collection":[{"href":"https:\/\/salondulivre.noblogs.org\/wp-json\/wp\/v2\/pages"}],"about":[{"href":"https:\/\/salondulivre.noblogs.org\/wp-json\/wp\/v2\/types\/page"}],"author":[{"embeddable":true,"href":"https:\/\/salondulivre.noblogs.org\/wp-json\/wp\/v2\/users\/13456"}],"replies":[{"embeddable":true,"href":"https:\/\/salondulivre.noblogs.org\/wp-json\/wp\/v2\/comments?post=215"}],"version-history":[{"count":6,"href":"https:\/\/salondulivre.noblogs.org\/wp-json\/wp\/v2\/pages\/215\/revisions"}],"predecessor-version":[{"id":264,"href":"https:\/\/salondulivre.noblogs.org\/wp-json\/wp\/v2\/pages\/215\/revisions\/264"}],"wp:attachment":[{"href":"https:\/\/salondulivre.noblogs.org\/wp-json\/wp\/v2\/media?parent=215"}],"curies":[{"name":"wp","href":"https:\/\/api.w.org\/{rel}","templated":true}]}}