{"id":267,"date":"2019-08-29T00:52:14","date_gmt":"2019-08-28T22:52:14","guid":{"rendered":"http:\/\/salondulivre.noblogs.org\/?page_id=267"},"modified":"2019-08-30T15:11:10","modified_gmt":"2019-08-30T13:11:10","slug":"tagesablauf-und-veranstaltungen","status":"publish","type":"page","link":"https:\/\/salondulivre.noblogs.org\/fr\/tagesablauf-und-veranstaltungen\/","title":{"rendered":"Tagesablauf und Veranstaltungen"},"content":{"rendered":"<p align=\"LEFT\">Bis auf den Markt in der Altstadt von Del\u00e9mont finden alle Aktivit\u00e4ten in der Cantine statt: La Cantine, Route de Moutier 105, 2800 Del\u00e9mont.<\/p>\n<p>&nbsp;<\/p>\n<p><strong>FREITAG 30. AUGUST<br \/>\n<\/strong><strong>Musikalische Er\u00f6ffnung<br \/>\n<\/strong><\/p>\n<p style=\"padding-left: 40px\"><strong>18 Uhr ER\u00d6FFNUNG UND BEGR\u00dcSSUNG<br \/>\n<\/strong><\/p>\n<p style=\"padding-left: 40px\"><strong> 18.30 &#8211; 19.30 Uhr CHANSONS<br \/>\n<\/strong><\/p>\n<p style=\"padding-left: 40px\">Mit Elmo Crumley<\/p>\n<p style=\"padding-left: 40px\"><strong>19.30 Uhr VEGANES ABENDESSEN (prix libre)<br \/>\n<\/strong><\/p>\n<p style=\"padding-left: 40px\"><strong>21h30 &#8211; 22h30 ANARCHISTISCHER CHOR AUS MAILAND<br \/>\n<\/strong><\/p>\n<p style=\"padding-left: 40px\">Der anarchistische Chor Voce di Mezzo reist aus Mailand an und bringt uns einen Koffer voller anarchistischer und widerst\u00e4ndiger Lieder mit!<\/p>\n<p style=\"padding-left: 40px\"><a href=\"http:\/\/www.vocidimezzo.it\/\">http:\/\/www.vocidimezzo.it\/<\/a><\/p>\n<p style=\"padding-left: 40px\"><strong>23.00 Uhr CHANSONS<\/strong><\/p>\n<p style=\"padding-left: 40px\">Mit Raoul W de Bonneville<\/p>\n<p>&nbsp;<\/p>\n<p><strong>SAMSTAG 31. AUGUST<br \/>\nVom Markt in die Kantine<br \/>\n<\/strong><\/p>\n<p style=\"padding-left: 40px\"><strong>10 &#8211; 12 Uhr MARKT IN DER ALTSTADT VON DELEMONT<\/strong><strong><br \/>\n<\/strong><\/p>\n<p style=\"padding-left: 40px\">Am w\u00f6chentlichen Markt in Del\u00e9mont wird die anarchistische B\u00fcchermesse mit einem Stand vor Ort sein: Mit B\u00fcchern aus der Buchhandlung des Espace Noir aus Saint-Imier, Informationsmaterial und Produkten aus der Cantine. Weitere Aktivit\u00e4ten und Produkte sind herzlich willkommen (Siebdruck, &#8230;)<\/p>\n<p style=\"padding-left: 40px\"><strong>12.30 Uhr VEGANES MITTAGESSEN IN DER CANTINE (prix libre)<br \/>\n<\/strong><\/p>\n<p style=\"padding-left: 40px\"><strong>14 &#8211; 20 Uhr B\u00dcCHERTISCHE<br \/>\n<\/strong><\/p>\n<p style=\"padding-left: 40px\"><a href=\"https:\/\/salondulivre.noblogs.org\/fr\/les-stands-de-livres\/\">Hier findest du eine Liste der teilnehmenden Verlage.<\/a><\/p>\n<p style=\"padding-left: 40px\">W\u00e4hrend der Zeit der B\u00fcchermesse ist eine Kinderbetreuung organisiert. Es braucht noch Leute f\u00fcr die offenen Schichten &#8211; schreibt euch ein!<br \/>\n<a href=\"https:\/\/schichtplan.immerda.ch\/plans\/show\/453496ed6bc3cfdb523652e037199cd4b1129b44\">Participer \/ Mitmachen \/ Participate<\/a><\/p>\n<p style=\"padding-left: 40px\"><strong>15 &#8211; 16.30 Uhr TREFFEN MIT AUDE VIDAL<\/strong><\/p>\n<p style=\"padding-left: 40px\">Aude Vidal stellt ihr Buch <i>\u00c9cologie, individualisme et course au bon heur<\/i>, \u00ab\u00d6kologie, Individualimus und Sprung ins Gl\u00fcck\u00bb vor, erschienen im Jahr 2017 beim Verlag Monde \u00e0 l\u2019envers. Mit anschliessender Diskussion.<\/p>\n<p style=\"padding-left: 40px\">Selbstverwirklichung, Hausgemeinschaften, geteilte Garten&#8230; : Als Antwort auf die kapitalistischen Katastrophen scheint Umweltbewusstsein eine positive, globale L\u00f6sung zu bieten, eine Ver\u00e4nderung des Verh\u00e4ltnisses des Individuums zur Welt, betont durch allt\u00e4gliche Gesten. Wie in der Kurzgeschichte des Kolibris, \u00ab\u00a0alle tragen ihren Teil dazu bei\u00a0\u00bb. Die Gesellschaft wird als Aggregat von Individuen und die gesellschaftliche Ver\u00e4nderung als Summe aller privater Gesten gesehen. Aber erliegt dieser Ansatz der \u00d6kologie nicht der dominanten liberalen Logik und bedeutet den Triumph des Individualismus?<\/p>\n<p style=\"padding-left: 40px\">Mit \u00dcbersetzung ins Deutsche. Weitere \u00dcbersetzungen k\u00f6nnen vor Ort von Anwesenden organisiert werden.<\/p>\n<p style=\"padding-left: 40px\"><strong>17 &#8211; 19 Uhr DER KHADIY &#8211; GEMEINSAME POESIE-LESUNG<\/strong><strong><br \/>\n<\/strong><\/p>\n<p style=\"padding-left: 40px\"><strong>K<\/strong>ein <strong>H<\/strong>erz <strong>A<\/strong>usser <strong>D<\/strong>einem <strong>I<\/strong>nneren <strong>Y<\/strong>eti<\/p>\n<p style=\"padding-left: 40px\">Gemeinsame Poesie-Lesung und Austausch. <em>DER KHADIY<\/em> ist eine zeitgen\u00f6ssische und mehrsprachige Poesie-Wanderbibliothek. Sie ist selbstverwaltet und besteht aus Buchschenkungen. Gegr\u00fcndet wurde er 2014 von Nathalie Garbely und Isabelle Sbrissa. <em>DER KHADIY<\/em> umfasst Verschiedenstes aus der Welt der Poesie: Gesammelte Werke, Anthologien, Rezensionen, Publikationen von Mikroeditionen, Tonaufnahmen, Poster, illustrierte Werke und unz\u00e4hlige Gedichte. Aktuell besteht <em>DER KHADIY<\/em> aus 300 B\u00fcchern, die ausgehliehen und in Ruhe alleine gelesen oder zusammen \u00ab\u00a0laut ausgeschrien\u00a0\u00bb werden k\u00f6nnen. Letzteres wollen wir in La Cantine auf Franz\u00f6sisch, Deutsch, vielleicht Englisch oder Italienisch oder welche Sprache du auch immer sprichst, tun.<\/p>\n<p style=\"padding-left: 40px\">\u00dcbersetzungen werden vor Ort mit allen Anwesenden organisiert.<\/p>\n<p style=\"padding-left: 40px\"><strong>20 Uhr VEGANES ABENDESSEN (prix libre)<\/strong><\/p>\n<p style=\"padding-left: 40px\"><strong>21.30 Uhr KONZERTE &amp; DJ*ANES<br \/>\n<\/strong><\/p>\n<p style=\"padding-left: 40px\">Konzert von <em><strong>Negra Santa<\/strong><\/em> (Cumbia \u2013 Argentinien)<\/p>\n<p style=\"padding-left: 40px\">Gefolg von den DJ*anes: <em><strong>La Boillat Connection<\/strong> <\/em>(von <em>Soeurs Chappuis<\/em> bis <em>Antoine Fl\u00fcck<\/em>) \u2013 <em><strong>Aur\u00e9lien My<\/strong><\/em> (world afro super groovy) \u2013 <em><strong>Mathieu 1000<\/strong><\/em> (\u00c4thiopischer Jazz in bizarrem Franz\u00f6sisch)<\/p>\n<p>&nbsp;<\/p>\n<p><strong>SONNTAG 1. SEPTEMBER<br \/>\nEin anarchistischer Sonntag<br \/>\n<\/strong><\/p>\n<p style=\"padding-left: 40px\"><strong>10 \u2013 16 Uhr B\u00dcCHERTISCHE<\/strong><\/p>\n<p style=\"padding-left: 40px\"><a href=\"https:\/\/salondulivre.noblogs.org\/fr\/les-stands-de-livres\/\">Hier findest du eine Liste den teilnehmenden Verlagen.<\/a><\/p>\n<p style=\"padding-left: 40px\">W\u00e4hrend der Zeit der B\u00fcchermesse ist eine Kinderbetreuung organisiert. Es braucht noch Leute f\u00fcr die offenen Schichten &#8211; schreibt euch ein!<br \/>\n<a href=\"https:\/\/schichtplan.immerda.ch\/plans\/show\/453496ed6bc3cfdb523652e037199cd4b1129b44\">Participer \/ Mitmachen \/ Participate<\/a><\/p>\n<p style=\"padding-left: 40px\"><strong>11 &#8211; 12 Uhr B\u00dcCHERTIPPS AUSTAUSCHEN<br \/>\n<\/strong><\/p>\n<p style=\"padding-left: 40px\">In letzter Zeit ein super Buch gelesen? Komm und teile deine anarchistischen Lieblingslekt\u00fcren mit uns!<\/p>\n<p style=\"padding-left: 40px\">\u00dcbersetzungen werden vor Ort mit allen Anwesenden organisiert.<\/p>\n<p style=\"padding-left: 40px\"><strong>11 &#8211; 13 Uhr BRING-NIMM BUFFET (prix libre)<br \/>\n<\/strong><\/p>\n<p style=\"padding-left: 40px\">Alle bringen etwas Leckeres zum Essen mit.<\/p>\n<p style=\"padding-left: 40px\"><strong>13 -16 Uhr FILMNACHMITTAG<br \/>\n<\/strong><\/p>\n<p style=\"padding-left: 40px\"><strong><em>Lances en l&rsquo;air contre les mines<\/em><\/strong><strong> (40&prime;)<br \/>\n<\/strong><\/p>\n<p style=\"padding-left: 40px\"><span lang=\"FR\">Ein Dokumentarfilm \u00fcber den Kampf gegen den Bergbau in S\u00fcdamerika.<\/span><\/p>\n<p style=\"padding-left: 40px\"><span lang=\"FR\">Spanisch mit franz\u00f6sischen Untertiteln, 2018<\/span><\/p>\n<p style=\"padding-left: 40px\"><strong><em>Action directe, discours indirect\u00a0 <\/em><\/strong><strong>(63&prime;)<br \/>\n<\/strong><\/p>\n<p style=\"padding-left: 40px\">Ein Film ohne Bilder von Laurent G\u00fcdel.<\/p>\n<p style=\"padding-left: 40px\"><strong><em>The Betrayed Square<\/em><\/strong><strong> (44&prime;)<\/strong><\/p>\n<p style=\"padding-left: 40px\">Von St\u00e9phane Montavon &amp; MML. Ein Film \u00fcber den Tahrir-Platz.<\/p>\n<p style=\"padding-left: 40px\"><strong><em>The Cage<\/em><\/strong><strong> (2&prime;)<\/strong><\/p>\n<p style=\"padding-left: 40px\">Von Gilles Lepore.<\/p>\n<p style=\"padding-left: 40px\">Animationsfilm, 2003<strong><br \/>\n<\/strong><\/p>\n<p style=\"padding-left: 40px\"><em>\u00dcbersetzungen in weitere Sprachen werden vor Ort mit allen Anwesenden organisiert.<\/em><\/p>\n<p>&nbsp;<\/p>\n<p>Und dann fertig Schluss &#8211; aufr\u00e4umen und nachbesprechen.<\/p>\n<p style=\"padding-left: 40px\">\n","protected":false},"excerpt":{"rendered":"<p>Bis auf den Markt in der Altstadt von Del\u00e9mont finden alle Aktivit\u00e4ten in der Cantine statt: La Cantine, Route de Moutier 105, 2800 Del\u00e9mont. &nbsp; FREITAG 30. AUGUST Musikalische Er\u00f6ffnung 18 Uhr ER\u00d6FFNUNG UND BEGR\u00dcSSUNG 18.30 &#8211; 19.30 Uhr CHANSONS &hellip; <a href=\"https:\/\/salondulivre.noblogs.org\/fr\/tagesablauf-und-veranstaltungen\/\">Continuer la lecture <span class=\"meta-nav\">&rarr;<\/span><\/a><\/p>\n","protected":false},"author":13456,"featured_media":0,"parent":0,"menu_order":0,"comment_status":"closed","ping_status":"closed","template":"","meta":{"_locale":"fr_FR","_original_post":"267","footnotes":""},"class_list":["post-267","page","type-page","status-publish","hentry","fr-FR"],"_links":{"self":[{"href":"https:\/\/salondulivre.noblogs.org\/wp-json\/wp\/v2\/pages\/267","targetHints":{"allow":["GET"]}}],"collection":[{"href":"https:\/\/salondulivre.noblogs.org\/wp-json\/wp\/v2\/pages"}],"about":[{"href":"https:\/\/salondulivre.noblogs.org\/wp-json\/wp\/v2\/types\/page"}],"author":[{"embeddable":true,"href":"https:\/\/salondulivre.noblogs.org\/wp-json\/wp\/v2\/users\/13456"}],"replies":[{"embeddable":true,"href":"https:\/\/salondulivre.noblogs.org\/wp-json\/wp\/v2\/comments?post=267"}],"version-history":[{"count":9,"href":"https:\/\/salondulivre.noblogs.org\/wp-json\/wp\/v2\/pages\/267\/revisions"}],"predecessor-version":[{"id":288,"href":"https:\/\/salondulivre.noblogs.org\/wp-json\/wp\/v2\/pages\/267\/revisions\/288"}],"wp:attachment":[{"href":"https:\/\/salondulivre.noblogs.org\/wp-json\/wp\/v2\/media?parent=267"}],"curies":[{"name":"wp","href":"https:\/\/api.w.org\/{rel}","templated":true}]}}