{"id":273,"date":"2019-08-29T13:02:27","date_gmt":"2019-08-29T11:02:27","guid":{"rendered":"http:\/\/salondulivre.noblogs.org\/?page_id=273"},"modified":"2019-08-30T13:13:57","modified_gmt":"2019-08-30T11:13:57","slug":"timetable-and-activities","status":"publish","type":"page","link":"https:\/\/salondulivre.noblogs.org\/fr\/timetable-and-activities\/","title":{"rendered":"Timetable and Activities"},"content":{"rendered":"<p align=\"LEFT\">Apart from the markt in the oldtown of Del\u00e9mont all activities take place in <em>La Cantine<\/em>:\u00a0\u00a0\u00a0\u00a0\u00a0\u00a0\u00a0 La Cantine, Route de Moutier 105, 2800 Del\u00e9mont.<\/p>\n<p><strong>FRIDAY 30TH OF AUGUST<br \/>\n<\/strong><strong>Opening with chansons<br \/>\n<\/strong><\/p>\n<p style=\"padding-left: 40px\"><strong>6 pm OPENING AND WELCOME<br \/>\n<\/strong><\/p>\n<p style=\"padding-left: 40px\"><strong> 6.30 &#8211; 7.30 pm CHANSONS<br \/>\n<\/strong><\/p>\n<p style=\"padding-left: 40px\">With Elmo Crumley<\/p>\n<p style=\"padding-left: 40px\"><strong>7.30 pm VEGAN DINNER (free pricing)<br \/>\n<\/strong><\/p>\n<p style=\"padding-left: 40px\"><strong>9.30 &#8211; 10.30 pm ANARCHIST CHOIR FROM MILAN<br \/>\n<\/strong><\/p>\n<p style=\"padding-left: 40px\">The anarchist choir <em>Voce di Mezzo<\/em> arrives from Milan with a suitcase full with songs about anarchisme and resistance!<\/p>\n<p style=\"padding-left: 40px\"><a href=\"http:\/\/www.vocidimezzo.it\/\">http:\/\/www.vocidimezzo.it\/<\/a><\/p>\n<p style=\"padding-left: 40px\"><strong>11 pm CHANSONS<\/strong><\/p>\n<p style=\"padding-left: 40px\">With Raoul W de Bonneville<\/p>\n<p>&nbsp;<\/p>\n<p><strong>SATURDAY 31ST OF AUGUST<br \/>\nFrom the market to La Canteen<br \/>\n<\/strong><\/p>\n<p style=\"padding-left: 40px\"><strong>10 am &#8211; 12 pm MARKET IN THE OLDTOWN OF DELEMONT<\/strong><strong><br \/>\n<\/strong><\/p>\n<p style=\"padding-left: 40px\">The anarchist bookfair will take part in the weekly market of Del\u00e9mont. There will be a stall with books from the bookstore <em>Espace Noir<\/em> from Saint-Imier, informational literature, handouts and self-made products from <em>La Cantine<\/em>. Further activities and products are very welcome! Live screenprining, &#8230;<\/p>\n<p style=\"padding-left: 40px\"><strong>12.30 pm VEGAN LUNCH AT LA CANTINE (free pricing)<br \/>\n<\/strong><\/p>\n<p style=\"padding-left: 40px\"><strong>2 &#8211; 8 pm BOOKTABLES<br \/>\n<\/strong><\/p>\n<p style=\"padding-left: 40px\"><a href=\"https:\/\/salondulivre.noblogs.org\/fr\/les-stands-de-livres\/\">Here the link to the present publishers.<\/a><\/p>\n<p style=\"padding-left: 40px\">There will be a daynursery on Saturday (2 &#8211; 8 pm) and Sunday (10 am &#8211; 4 pm). If you want to make it happen, please enlist to the timetable.<br \/>\n<a href=\"https:\/\/schichtplan.immerda.ch\/plans\/show\/453496ed6bc3cfdb523652e037199cd4b1129b44\">Participer \/ Mitmachen \/ Participate<\/a><\/p>\n<p style=\"padding-left: 40px\"><strong>3 &#8211; 4.30 pm BOOK PRESENTATION BY AUDE VIDAL<br \/>\n<\/strong><\/p>\n<p style=\"padding-left: 40px\">Aude Vidal presents her book <i>\u00c9cologie, individualisme et course au bon heur<\/i>, \u00abecology, individualisme and pursuit of happiness\u00bb, published in 2017 by <em>Monde \u00e0 l&rsquo;envers<\/em>. After the presentation there will be space for discussions.<\/p>\n<p style=\"padding-left: 40px\">Presentation in French, translation to German.<\/p>\n<p style=\"padding-left: 40px\"><strong>5 &#8211; 7 pm THE CADDY &#8211; COLLECTIVE POETRY READING<\/strong><strong><br \/>\n<\/strong><\/p>\n<p style=\"padding-left: 40px\"><strong>C<\/strong>ry <strong>A<\/strong>narchy<strong> D<\/strong>uring<strong> D<\/strong>aily<strong> Y<\/strong>apping<strong><br \/>\n<\/strong><\/p>\n<p style=\"padding-left: 40px\">Together we read and discuss poetry from <em>THE CADDY<\/em>. <em>THE CADDY<\/em> is a multilingual and intinerant library that contains contemporary poetry, offered and self organised. Founded in 2014 by Nathalie Garbely and Isabelle Sbrissa <em>THE CADDY<\/em> today gathers different types of poetry like collections, anthologies, reviews, publications of mictropublishers, audio recordings, posters, collected works, illustrated books and reams of poetrys. To time <em>THE CADDY<\/em> comprise 300 books that can be borrowed and red silently or toghether as groupactivity. That&rsquo;s what we want to do in <em>La Cantine<\/em> in French, German, maybe English or Italian, or what ever Language you speak.<\/p>\n<p style=\"padding-left: 40px\">Translations will be selforganiced by the participants.<\/p>\n<p style=\"padding-left: 40px\"><strong>8 pm VEGAN DINNER<\/strong><strong> (free pricing)<\/strong><\/p>\n<p style=\"padding-left: 40px\"><strong>9.30 pm CONCERTS &amp; DJ*anes<br \/>\n<\/strong><\/p>\n<p style=\"padding-left: 40px\">Concert from <strong>Negra Santa<\/strong> (Cumbia \u2013 Argentina)<\/p>\n<p style=\"padding-left: 40px\">Followed by the DJ*anes: <strong>La Boillat Connection<\/strong> (from\u00a0<em>s\u0153urs Chappuis<\/em> up to <em>Antoine Fl\u00fcck<\/em>) \u2013 <strong>Aur\u00e9lien My<\/strong> (world afro super groovy) \u2013 <strong>Mathieu 1000<\/strong> (ethiopian Jazz in strange French)<\/p>\n<p>&nbsp;<\/p>\n<p><strong>SUNDAY 1ST OF SEPTEMBER<br \/>\nA gladiatorial (leo-translation for militant) sunday<br \/>\n<\/strong><\/p>\n<p style=\"padding-left: 40px\"><strong>10 am \u2013 4 pm BOOKTABLES<\/strong><\/p>\n<p style=\"padding-left: 40px\"><a href=\"https:\/\/salondulivre.noblogs.org\/fr\/les-stands-de-livres\/\">Here the link to the present publishers<\/a><a href=\"https:\/\/salondulivre.noblogs.org\/fr\/les-stands-de-livres\/\">.<\/a><\/p>\n<p style=\"padding-left: 40px\">There will be a daynursery on Saturday (2 &#8211; 8 pm) and Sunday (10 am &#8211; 4 pm). If you want to make it happen, please enlist to the timetable!<br \/>\n<a href=\"https:\/\/schichtplan.immerda.ch\/plans\/show\/453496ed6bc3cfdb523652e037199cd4b1129b44\">Participer \/ Mitmachen \/ Participate<\/a><\/p>\n<p style=\"padding-left: 40px\"><strong>11 am &#8211; 12 pm SHARE YOUR FAVORITE BOOKS<br \/>\n<\/strong><\/p>\n<p style=\"padding-left: 40px\">Have you recently read a fantastic book? Come and share it with us!<\/p>\n<p style=\"padding-left: 40px\">Translations will be selforganised by the participants.<\/p>\n<p style=\"padding-left: 40px\"><strong>11 am &#8211; 1 pm POT LUCK BUFFET (free pricing)<br \/>\n<\/strong><\/p>\n<p style=\"padding-left: 40px\">Everyone brings some delicious food to share.<\/p>\n<p style=\"padding-left: 40px\"><strong>1 &#8211; 4 pm\u00a0 MOVIEAFTERNOON<br \/>\n<\/strong><\/p>\n<p style=\"padding-left: 40px\"><strong><em>Lances en l&rsquo;air contre les mines<\/em><\/strong><strong> (40&prime;)<br \/>\n<\/strong><\/p>\n<p style=\"padding-left: 40px\"><span lang=\"FR\">A documentary about the resistance against the mining at the border between Peru and Ecuador.<\/span><\/p>\n<p style=\"padding-left: 40px\"><span lang=\"FR\">Spanish with French subtitles, 2018<\/span><\/p>\n<p style=\"padding-left: 40px\"><em>Translations will be selforganised by the participants.<\/em><\/p>\n<p style=\"padding-left: 40px\"><strong><em>Action directe, discours indirect\u00a0 <\/em><\/strong><strong>(63&prime;)<br \/>\n<\/strong><\/p>\n<p style=\"padding-left: 40px\">The <em>OFF<\/em>, the underground filmfestival in Lausanne, asked the artist Laurent G\u00fcdel to look into old intervies with syndicalists and libertairians activ in Geneva during the interwar period. The interviews were recorded in the 80&rsquo;s by Christian Wist and were initialy used to write the book \u00ab <em>La vie quotidienne et les luttes syndicales \u00e0 Gen\u00e8ve, 1920-1940 : des anciens du b\u00e2timent racontent<\/em> \u00bb, published by\u00a0 <em>Coll\u00e8ge du travail<\/em> in 1984.<\/p>\n<p style=\"padding-left: 40px\"><em>Translations will be selforganised by the participants.<\/em><\/p>\n<p style=\"padding-left: 40px\"><strong><em>The Betrayed Square<\/em><\/strong><strong> (44&prime;)<\/strong><\/p>\n<p style=\"padding-left: 40px\">The Arab Spring of 2011. Day after day, thousands of young Egyptian protesters flooded Tahrir Square in Cairo. Poet and sound artist St\u00e9phane Montavon assembled a psychedelic collage composed of freely accessible images of the revolution, adding an acoustic probe full of tension, rebellion and aggression of the repressive forces. The revolutionary turmoil is expanded into a sonic dimension of auteur installation. It is an impressive story of symbolic moments of ecstatic struggles for democracy and a new Constitution. It exposes mottos, protesters\u2019 slogans and dialogues of the massacred victims. The images of repressive government forces are confronted with everyday life. On a cold morning, the betrayed revolution melts into a day-to-day routine.<\/p>\n<p style=\"padding-left: 40px\"><em>Translations will be selforganised by the participants.<\/em><\/p>\n<p style=\"padding-left: 40px\"><strong><em>The Cage<\/em><\/strong><strong> (2&prime;)<\/strong><\/p>\n<p style=\"padding-left: 40px\">A man is running, attached by words written on a paperwall. What is he looking for?<\/p>\n<p style=\"padding-left: 40px\">By Gilles Lepore.<\/p>\n<p style=\"padding-left: 40px\">Cartoon Movie, 2003<strong><br \/>\n<\/strong><\/p>\n<p style=\"padding-left: 40px\"><em>Translations will be selforganised by the participants.<\/em><\/p>\n<p>&nbsp;<\/p>\n<p>And then&#8230; the end. Everybody is welcome for the cleaning and debriefing!<\/p>\n","protected":false},"excerpt":{"rendered":"<p>Apart from the markt in the oldtown of Del\u00e9mont all activities take place in La Cantine:\u00a0\u00a0\u00a0\u00a0\u00a0\u00a0\u00a0 La Cantine, Route de Moutier 105, 2800 Del\u00e9mont. FRIDAY 30TH OF AUGUST Opening with chansons 6 pm OPENING AND WELCOME 6.30 &#8211; 7.30 pm &hellip; <a href=\"https:\/\/salondulivre.noblogs.org\/fr\/timetable-and-activities\/\">Continuer la lecture <span class=\"meta-nav\">&rarr;<\/span><\/a><\/p>\n","protected":false},"author":13456,"featured_media":0,"parent":0,"menu_order":0,"comment_status":"closed","ping_status":"closed","template":"","meta":{"_locale":"fr_FR","_original_post":"273","footnotes":""},"class_list":["post-273","page","type-page","status-publish","hentry","fr-FR"],"_links":{"self":[{"href":"https:\/\/salondulivre.noblogs.org\/wp-json\/wp\/v2\/pages\/273","targetHints":{"allow":["GET"]}}],"collection":[{"href":"https:\/\/salondulivre.noblogs.org\/wp-json\/wp\/v2\/pages"}],"about":[{"href":"https:\/\/salondulivre.noblogs.org\/wp-json\/wp\/v2\/types\/page"}],"author":[{"embeddable":true,"href":"https:\/\/salondulivre.noblogs.org\/wp-json\/wp\/v2\/users\/13456"}],"replies":[{"embeddable":true,"href":"https:\/\/salondulivre.noblogs.org\/wp-json\/wp\/v2\/comments?post=273"}],"version-history":[{"count":9,"href":"https:\/\/salondulivre.noblogs.org\/wp-json\/wp\/v2\/pages\/273\/revisions"}],"predecessor-version":[{"id":290,"href":"https:\/\/salondulivre.noblogs.org\/wp-json\/wp\/v2\/pages\/273\/revisions\/290"}],"wp:attachment":[{"href":"https:\/\/salondulivre.noblogs.org\/wp-json\/wp\/v2\/media?parent=273"}],"curies":[{"name":"wp","href":"https:\/\/api.w.org\/{rel}","templated":true}]}}